{"id":134,"date":"2016-04-17T19:38:18","date_gmt":"2016-04-17T17:38:18","guid":{"rendered":"http:\/\/www.sdi.fi\/_Dev\/wordpress\/?page_id=134"},"modified":"2016-04-25T19:47:00","modified_gmt":"2016-04-25T17:47:00","slug":"suunnittelu-yllapito-ja-huolto","status":"publish","type":"page","link":"https:\/\/www.sdi.fi\/index.php\/suunnittelu-yllapito-ja-huolto\/","title":{"rendered":"IT-SUUNNITTELU, YLL\u00c4PITO JA HUOLTO"},"content":{"rendered":"<p><img decoding=\"async\" loading=\"lazy\" class=\"alignnone wp-image-226\" src=\"https:\/\/www.sdi.fi\/wp-content\/uploads\/2016\/02\/hp-server_749844-231x300.jpg\" alt=\"hp-server_749844\" width=\"207\" height=\"269\" srcset=\"https:\/\/www.sdi.fi\/wp-content\/uploads\/2016\/02\/hp-server_749844-231x300.jpg 231w, https:\/\/www.sdi.fi\/wp-content\/uploads\/2016\/02\/hp-server_749844.jpg 370w\" sizes=\"(max-width: 207px) 100vw, 207px\" \/> <img decoding=\"async\" loading=\"lazy\" class=\"alignnone wp-image-224\" src=\"https:\/\/www.sdi.fi\/wp-content\/uploads\/2016\/02\/client_server_-300x206.gif\" alt=\"client_server_\" width=\"362\" height=\"249\" \/> <img decoding=\"async\" loading=\"lazy\" class=\"alignnone wp-image-225 \" src=\"https:\/\/www.sdi.fi\/wp-content\/uploads\/2016\/02\/Server-Rack-257x300.png\" width=\"240\" height=\"281\" srcset=\"https:\/\/www.sdi.fi\/wp-content\/uploads\/2016\/02\/Server-Rack-257x300.png 257w, https:\/\/www.sdi.fi\/wp-content\/uploads\/2016\/02\/Server-Rack.png 343w\" sizes=\"(max-width: 240px) 100vw, 240px\" \/><\/p>\n<p><b>KONSULTOINTI JA SUUNNITTELU<\/b><\/p>\n<p>Tarvekartoituksessa ja m\u00e4\u00e4rittelyiss\u00e4 huolehdimme, ett\u00e4 kaikki tarvittava toimivan tietoteknisen ymp\u00e4rist\u00f6n ja ratkaisun aikaansaamiseksi tulee huomioitua.<\/p>\n<p>Suunnittelemme tekniset ratkaisut ja kaapeloinnit tarpeen mukaan. Kustannustehokkuuden kannalta on t\u00e4rke\u00e4\u00e4, ett\u00e4 j\u00e4rjestelm\u00e4t on oikein mitoitettuja.<\/p>\n<p>Suunnitelman perusteella teemme tarjouksen luotettavien laitevalintojen perusteella<\/p>\n<p><b>TOTEUTUS<\/b><\/p>\n<p>IT-suunnitelman toteutamme moderneilla sek\u00e4 tunnettujen valmistajien laite- ja ohjelmistoratkaisuilla<\/p>\n<p>Asennamme laitteet, ohjelmistot, tietoliikenteen ja tietoturvatuotteet k\u00e4ytt\u00f6kuntoon avaimet k\u00e4teen -periaatteella.<\/p>\n<p>K\u00e4ytt\u00f6\u00f6nottovaiheessa annamme k\u00e4ytt\u00f6koulutuksen<\/p>\n<p><b>YLL\u00c4PITO JA HUOLTO<\/b><\/p>\n<p>Huolehdimme it-ymp\u00e4rist\u00f6n, tietoturvan, tietoliikenteen ja laitteiden k\u00e4ytett\u00e4vyydest\u00e4 sek\u00e4 l\u00e4hitukitoiminnoista ja laitehuolloista. Yll\u00e4pito tehd\u00e4\u00e4n sopimuspohjaisesti tai erilliskutsuna.<\/p>\n<p>Sopimusasiakkaille tarjoamme suorat helpdesk-numerot tukihenkil\u00f6illemme<\/p>\n<p>&nbsp;<\/p>\n<p><a href=\"https:\/\/www.sdi.fi\/index.php\/it\/\"><img decoding=\"async\" src=\"https:\/\/www.sdi.fi\/images\/takaisin.jpg\" alt=\"\" \/><\/a><\/p>\n","protected":false},"excerpt":{"rendered":"<p>KONSULTOINTI JA SUUNNITTELU Tarvekartoituksessa ja m\u00e4\u00e4rittelyiss\u00e4 huolehdimme, ett\u00e4 kaikki tarvittava toimivan tietoteknisen ymp\u00e4rist\u00f6n ja ratkaisun aikaansaamiseksi tulee huomioitua. Suunnittelemme tekniset ratkaisut ja kaapeloinnit tarpeen mukaan. Kustannustehokkuuden kannalta on t\u00e4rke\u00e4\u00e4, ett\u00e4 j\u00e4rjestelm\u00e4t on oikein mitoitettuja. Suunnitelman perusteella teemme tarjouksen luotettavien laitevalintojen perusteella TOTEUTUS IT-suunnitelman toteutamme moderneilla sek\u00e4 tunnettujen valmistajien laite- ja ohjelmistoratkaisuilla Asennamme laitteet, ohjelmistot, tietoliikenteen [&hellip;]<\/p>\n","protected":false},"author":1,"featured_media":0,"parent":0,"menu_order":0,"comment_status":"closed","ping_status":"closed","template":"","meta":{"_genesis_hide_title":false,"_genesis_hide_breadcrumbs":false,"_genesis_hide_singular_image":false,"_genesis_hide_footer_widgets":false,"_genesis_custom_body_class":"","_genesis_custom_post_class":"","_genesis_layout":"","footnotes":""},"_links":{"self":[{"href":"https:\/\/www.sdi.fi\/index.php\/wp-json\/wp\/v2\/pages\/134"}],"collection":[{"href":"https:\/\/www.sdi.fi\/index.php\/wp-json\/wp\/v2\/pages"}],"about":[{"href":"https:\/\/www.sdi.fi\/index.php\/wp-json\/wp\/v2\/types\/page"}],"author":[{"embeddable":true,"href":"https:\/\/www.sdi.fi\/index.php\/wp-json\/wp\/v2\/users\/1"}],"replies":[{"embeddable":true,"href":"https:\/\/www.sdi.fi\/index.php\/wp-json\/wp\/v2\/comments?post=134"}],"version-history":[{"count":0,"href":"https:\/\/www.sdi.fi\/index.php\/wp-json\/wp\/v2\/pages\/134\/revisions"}],"wp:attachment":[{"href":"https:\/\/www.sdi.fi\/index.php\/wp-json\/wp\/v2\/media?parent=134"}],"curies":[{"name":"wp","href":"https:\/\/api.w.org\/{rel}","templated":true}]}}