{"id":140,"date":"2016-04-17T19:38:59","date_gmt":"2016-04-17T17:38:59","guid":{"rendered":"http:\/\/www.sdi.fi\/_Dev\/wordpress\/?page_id=140"},"modified":"2016-04-25T19:44:39","modified_gmt":"2016-04-25T17:44:39","slug":"yllapito-ja-huolto","status":"publish","type":"page","link":"https:\/\/www.sdi.fi\/index.php\/yllapito-ja-huolto\/","title":{"rendered":"AV-YLL\u00c4PITO JA HUOLTO"},"content":{"rendered":"<h3><strong>AV-YLL\u00c4PITO JA HUOLTO<\/strong><\/h3>\n<p>&nbsp;<\/p>\n<p><strong>YLL\u00c4PITO<\/strong><\/p>\n<p>Huolehdimme AV-ymp\u00e4rist\u00f6n ja laitteiden jatkuvasta k\u00e4ytett\u00e4vyydest\u00e4. Yll\u00e4pitoon kuuluu mm. projektorien lamppujen vaihto, laitteiden s\u00e4\u00e4nn\u00f6lliset puhdistukset, k\u00e4ytt\u00f6ongelmien selvitys puhelimitse ja tarvittaessa paikanp\u00e4\u00e4ll\u00e4, k\u00e4ytt\u00f6kaapeleiden vaihdot, yms.<\/p>\n<p>Yll\u00e4pito tehd\u00e4\u00e4n sopimuspohjaisesti tai erilliskutsuna sis\u00e4lt\u00e4en m\u00e4\u00e4ritetyt vasteajat<\/p>\n<p><strong>HUOLTO<\/strong><\/p>\n<p>Huollamme, korjaamme ja vaihdamme vialliset ja rikkoontuneet laitteistot. Sopimusasiakkaillemme toimitamme tarvittaessa huollon ajaksi korvaavan laitteen jotta tilojen k\u00e4ytett\u00e4vyyteen ei tule katkoksia<\/p>\n<p>&nbsp;<\/p>\n<p><a href=\"https:\/\/www.sdi.fi\/index.php\/av\/\"><img decoding=\"async\" src=\"https:\/\/www.sdi.fi\/images\/takaisin.jpg\" alt=\"\" \/><\/a><\/p>\n","protected":false},"excerpt":{"rendered":"<p>AV-YLL\u00c4PITO JA HUOLTO &nbsp; YLL\u00c4PITO Huolehdimme AV-ymp\u00e4rist\u00f6n ja laitteiden jatkuvasta k\u00e4ytett\u00e4vyydest\u00e4. Yll\u00e4pitoon kuuluu mm. projektorien lamppujen vaihto, laitteiden s\u00e4\u00e4nn\u00f6lliset puhdistukset, k\u00e4ytt\u00f6ongelmien selvitys puhelimitse ja tarvittaessa paikanp\u00e4\u00e4ll\u00e4, k\u00e4ytt\u00f6kaapeleiden vaihdot, yms. Yll\u00e4pito tehd\u00e4\u00e4n sopimuspohjaisesti tai erilliskutsuna sis\u00e4lt\u00e4en m\u00e4\u00e4ritetyt vasteajat HUOLTO Huollamme, korjaamme ja vaihdamme vialliset ja rikkoontuneet laitteistot. Sopimusasiakkaillemme toimitamme tarvittaessa huollon ajaksi korvaavan laitteen jotta tilojen [&hellip;]<\/p>\n","protected":false},"author":1,"featured_media":0,"parent":0,"menu_order":0,"comment_status":"closed","ping_status":"closed","template":"","meta":{"_genesis_hide_title":false,"_genesis_hide_breadcrumbs":false,"_genesis_hide_singular_image":false,"_genesis_hide_footer_widgets":false,"_genesis_custom_body_class":"","_genesis_custom_post_class":"","_genesis_layout":"","footnotes":""},"_links":{"self":[{"href":"https:\/\/www.sdi.fi\/index.php\/wp-json\/wp\/v2\/pages\/140"}],"collection":[{"href":"https:\/\/www.sdi.fi\/index.php\/wp-json\/wp\/v2\/pages"}],"about":[{"href":"https:\/\/www.sdi.fi\/index.php\/wp-json\/wp\/v2\/types\/page"}],"author":[{"embeddable":true,"href":"https:\/\/www.sdi.fi\/index.php\/wp-json\/wp\/v2\/users\/1"}],"replies":[{"embeddable":true,"href":"https:\/\/www.sdi.fi\/index.php\/wp-json\/wp\/v2\/comments?post=140"}],"version-history":[{"count":0,"href":"https:\/\/www.sdi.fi\/index.php\/wp-json\/wp\/v2\/pages\/140\/revisions"}],"wp:attachment":[{"href":"https:\/\/www.sdi.fi\/index.php\/wp-json\/wp\/v2\/media?parent=140"}],"curies":[{"name":"wp","href":"https:\/\/api.w.org\/{rel}","templated":true}]}}