{"id":22,"date":"2016-02-24T15:22:09","date_gmt":"2016-02-24T13:22:09","guid":{"rendered":"http:\/\/www.sdi.fi\/_Dev\/wordpress\/?page_id=22"},"modified":"2016-04-21T08:32:37","modified_gmt":"2016-04-21T06:32:37","slug":"sdi","status":"publish","type":"page","link":"https:\/\/www.sdi.fi\/index.php\/sdi\/","title":{"rendered":"SDI"},"content":{"rendered":"<h2><strong>SDI &#8211; Solution Design Inc. Oy\u00a0\u00a0\u00a0\u00a0\u00a0\u00a0\u00a0\u00a0\u00a0\u00a0\u00a0\u00a0\u00a0\u00a0\u00a0\u00a0\u00a0\u00a0\u00a0\u00a0\u00a0<\/strong><\/h2>\n<p style=\"text-align: right;\">Y-Tunnus: 1483066-2<\/p>\n<p style=\"text-align: right;\">VAT: \u00a0\u00a0 \u00a0 \u00a0 FI14830662<\/p>\n<p>SDI on yksityisess\u00e4 omistuksessa oleva v.1990 perustettu asiakasl\u00e4ht\u00f6isiin AV- ja IT-ratkaisuihin keskittynyt palvelukumppani J\u00e4rvenp\u00e4\u00e4n keskustassa. Asiakkaitamme ovat niin suuryritykset kuin pk-sektorikin p\u00e4\u00e4kaupunkiseudulla sek\u00e4 keskisell\u00e4 Uudellamaalla.<\/p>\n<p>Edustamme kaikkia tunnettuja laitemerkkej\u00e4 ja yleisimpi\u00e4 ohjelmistotuotteita<\/p>\n<p>Teknisell\u00e4 henkil\u00f6st\u00f6ll\u00e4mme on usean vuosikymmenen yhteinen kokemus erityyppisist\u00e4 AV-. tietoliikenne-, palvelin- ja laiteymp\u00e4rist\u00f6ist\u00e4.<\/p>\n<p>Asiakassuhteemme ovat pitk\u00e4aikaisia kumppanuussuhteita ja mik\u00e4\u00e4n asiakas ei ole meille liian pieni tai liian suuri.<br \/>\nOn vain sopivankokoisia asiakkaita.<\/p>\n<p>J\u00e4rvenp\u00e4\u00e4n keskustassa sijaitsevassa toimipisteess\u00e4 toimii my\u00f6s myym\u00e4l\u00e4mme, jossa palvellaan kuluttaja-asiakkaita tietotekniikka- ja matkapuhelinasioissa.<\/p>\n<p>K\u00e4yt\u00f6ss\u00e4mme on my\u00f6s laaja ja tarkasti valittu alihankintaverkosto eri tyyppisiin erikoisosaamista vaativiin tarpeisiin.<\/p>\n<p>Kuulumme Suomen Tilaajavastuu Oy:n LUOTETTAVA KUMPPANI -OHJELMAAN<\/p>\n<p><strong>SDI:N TOIMINNAN PERIAATTEET:<\/strong><\/p>\n<p>* Asiakasl\u00e4ht\u00f6isyys<br \/>\n* Laadukkaat ja tunnetut tuotteet<br \/>\n* Laaja palveluvalikoima<br \/>\n* Vahva teknologiaosaaminen<br \/>\n* Laaja ja vakiintunut\u00a0 asiakaskunta<br \/>\n* Sitoutuminen pitk\u00e4aikaisiin asiakkuuksiin<br \/>\n* Tehokas toiminta<br \/>\n* Ymp\u00e4rist\u00f6n ja kest\u00e4v\u00e4n kehityksen huomioiminen<\/p>\n<p>&nbsp;<\/p>\n<p>&nbsp;<\/p>\n","protected":false},"excerpt":{"rendered":"<p>SDI &#8211; Solution Design Inc. Oy\u00a0\u00a0\u00a0\u00a0\u00a0\u00a0\u00a0\u00a0\u00a0\u00a0\u00a0\u00a0\u00a0\u00a0\u00a0\u00a0\u00a0\u00a0\u00a0\u00a0\u00a0 Y-Tunnus: 1483066-2 VAT: \u00a0\u00a0 \u00a0 \u00a0 FI14830662 SDI on yksityisess\u00e4 omistuksessa oleva v.1990 perustettu asiakasl\u00e4ht\u00f6isiin AV- ja IT-ratkaisuihin keskittynyt palvelukumppani J\u00e4rvenp\u00e4\u00e4n keskustassa. Asiakkaitamme ovat niin suuryritykset kuin pk-sektorikin p\u00e4\u00e4kaupunkiseudulla sek\u00e4 keskisell\u00e4 Uudellamaalla. Edustamme kaikkia tunnettuja laitemerkkej\u00e4 ja yleisimpi\u00e4 ohjelmistotuotteita Teknisell\u00e4 henkil\u00f6st\u00f6ll\u00e4mme on usean vuosikymmenen yhteinen kokemus erityyppisist\u00e4 AV-. tietoliikenne-, [&hellip;]<\/p>\n","protected":false},"author":2,"featured_media":0,"parent":0,"menu_order":0,"comment_status":"closed","ping_status":"closed","template":"","meta":{"_genesis_hide_title":false,"_genesis_hide_breadcrumbs":false,"_genesis_hide_singular_image":false,"_genesis_hide_footer_widgets":false,"_genesis_custom_body_class":"","_genesis_custom_post_class":"","_genesis_layout":"","footnotes":""},"_links":{"self":[{"href":"https:\/\/www.sdi.fi\/index.php\/wp-json\/wp\/v2\/pages\/22"}],"collection":[{"href":"https:\/\/www.sdi.fi\/index.php\/wp-json\/wp\/v2\/pages"}],"about":[{"href":"https:\/\/www.sdi.fi\/index.php\/wp-json\/wp\/v2\/types\/page"}],"author":[{"embeddable":true,"href":"https:\/\/www.sdi.fi\/index.php\/wp-json\/wp\/v2\/users\/2"}],"replies":[{"embeddable":true,"href":"https:\/\/www.sdi.fi\/index.php\/wp-json\/wp\/v2\/comments?post=22"}],"version-history":[{"count":0,"href":"https:\/\/www.sdi.fi\/index.php\/wp-json\/wp\/v2\/pages\/22\/revisions"}],"wp:attachment":[{"href":"https:\/\/www.sdi.fi\/index.php\/wp-json\/wp\/v2\/media?parent=22"}],"curies":[{"name":"wp","href":"https:\/\/api.w.org\/{rel}","templated":true}]}}