{"id":26,"date":"2016-02-24T15:22:47","date_gmt":"2016-02-24T13:22:47","guid":{"rendered":"http:\/\/www.sdi.fi\/_Dev\/wordpress\/?page_id=26"},"modified":"2016-04-26T13:31:48","modified_gmt":"2016-04-26T11:31:48","slug":"yhteystiedot","status":"publish","type":"page","link":"https:\/\/www.sdi.fi\/index.php\/yhteystiedot\/","title":{"rendered":"YHTEYSTIEDOT"},"content":{"rendered":"<h2><strong>YHTEYSTIEDOT<\/strong><\/h2>\n<p>&nbsp;<\/p>\n<p><strong>K\u00e4yntiosoite<\/strong>:<\/p>\n<p>Mannilantie 40, 04400 J\u00c4RVENP\u00c4\u00c4<\/p>\n<p><strong>Postiosoite<\/strong>:<\/p>\n<p>PL 8, 04401 J\u00c4RVENP\u00c4\u00c4<\/p>\n<p><strong>Puhelin<\/strong>:<\/p>\n<p>09-271 0566<\/p>\n<p><strong>S\u00e4hk\u00f6postit muotoa<\/strong>:<\/p>\n<p>etunimi.sukunimi(at)sdi.fi<\/p>\n<p><strong>Tiedustelut<\/strong>:<\/p>\n<p>info(at)sdi.fi<\/p>\n<p><strong>AV-Huoltokutsut<\/strong>:<\/p>\n<p>040-749 1234 tai nhtuki(at)sdi.fi<\/p>\n<p><strong>IT-huoltokutsut<\/strong>:<\/p>\n<p>09-271 0566 tai ittuki(at)sdi.fi<\/p>\n","protected":false},"excerpt":{"rendered":"<p>YHTEYSTIEDOT &nbsp; K\u00e4yntiosoite: Mannilantie 40, 04400 J\u00c4RVENP\u00c4\u00c4 Postiosoite: PL 8, 04401 J\u00c4RVENP\u00c4\u00c4 Puhelin: 09-271 0566 S\u00e4hk\u00f6postit muotoa: etunimi.sukunimi(at)sdi.fi Tiedustelut: info(at)sdi.fi AV-Huoltokutsut: 040-749 1234 tai nhtuki(at)sdi.fi IT-huoltokutsut: 09-271 0566 tai ittuki(at)sdi.fi<\/p>\n","protected":false},"author":1,"featured_media":0,"parent":0,"menu_order":0,"comment_status":"closed","ping_status":"closed","template":"","meta":{"_genesis_hide_title":false,"_genesis_hide_breadcrumbs":false,"_genesis_hide_singular_image":false,"_genesis_hide_footer_widgets":false,"_genesis_custom_body_class":"","_genesis_custom_post_class":"","_genesis_layout":"","footnotes":""},"_links":{"self":[{"href":"https:\/\/www.sdi.fi\/index.php\/wp-json\/wp\/v2\/pages\/26"}],"collection":[{"href":"https:\/\/www.sdi.fi\/index.php\/wp-json\/wp\/v2\/pages"}],"about":[{"href":"https:\/\/www.sdi.fi\/index.php\/wp-json\/wp\/v2\/types\/page"}],"author":[{"embeddable":true,"href":"https:\/\/www.sdi.fi\/index.php\/wp-json\/wp\/v2\/users\/1"}],"replies":[{"embeddable":true,"href":"https:\/\/www.sdi.fi\/index.php\/wp-json\/wp\/v2\/comments?post=26"}],"version-history":[{"count":0,"href":"https:\/\/www.sdi.fi\/index.php\/wp-json\/wp\/v2\/pages\/26\/revisions"}],"wp:attachment":[{"href":"https:\/\/www.sdi.fi\/index.php\/wp-json\/wp\/v2\/media?parent=26"}],"curies":[{"name":"wp","href":"https:\/\/api.w.org\/{rel}","templated":true}]}}