{"id":295,"date":"2016-08-24T12:01:00","date_gmt":"2016-08-24T10:01:00","guid":{"rendered":"http:\/\/www.sdi.fi\/?page_id=295"},"modified":"2016-08-24T12:06:08","modified_gmt":"2016-08-24T10:06:08","slug":"it-verkkotunnukset","status":"publish","type":"page","link":"https:\/\/www.sdi.fi\/index.php\/it-verkkotunnukset\/","title":{"rendered":"IT-VERKKOTUNNUKSET"},"content":{"rendered":"<h2><strong>1. Fi-verkkotunnusten my\u00f6nt\u00e4misperusteet ja -edellytykset<\/strong><\/h2>\n<p><strong>Kuka voi hakea fi-verkkotunnusta?<\/strong><br \/>\nYksityishenkil\u00f6t, yritykset ja yhteis\u00f6t. Hakemiseen voi my\u00f6s valtuuttaa asiamiehen.<\/p>\n<p><strong>Mit\u00e4 vaaditaan yksityishenkil\u00f6lt\u00e4, joka hakee fi-verkkotunnusta?<\/strong><br \/>\n\u2013 v\u00e4hint\u00e4\u00e4n 15 vuoden ik\u00e4<br \/>\n\u2013 kotikunta Suomessa<br \/>\n\u2013 suomalainen henkil\u00f6tunnus<\/p>\n<p><strong>Millaiset yritykset ja yhteis\u00f6t voivat saada fi-verkkotunnuksen? Suomen kauppa-, yhdistys- tai s\u00e4\u00e4ti\u00f6rekisteriin listatut:<\/strong><br \/>\n\u2013 yritykset tai yksityiset elinkeinonharjoittajat<br \/>\n\u2013 suomalaiset julkisyhteis\u00f6t, kuten valtion laitokset, kunnat ja kuntayhtym\u00e4t, kirkot ja seurakunnat<br \/>\n\u2013 valtion liikelaitokset<br \/>\n\u2013 julkisoikeudelliset laitokset ja julkisoikeudelliset yhdistykset<br \/>\n\u2013 vieraan valtion edustustot.<br \/>\nHuom! Merkint\u00e4 verohallinnon rekisteriss\u00e4 ei riit\u00e4.<br \/>\n<strong>Ulkomaiset yritykset ja tavaramerkit<\/strong><br \/>\nUlkomainen yhteis\u00f6 tai elinkeinonharjoittaja voi saada fi-verkkotunnuksen rekister\u00f6im\u00e4ll\u00e4 kaupparekisteriin suomalaisen sivuliikkeen.<\/p>\n<p><strong>Millainen fi-verkkotunnus voi olla?<\/strong><br \/>\n\u2013 Pituus voi olla 2-63 merkki\u00e4.<br \/>\n\u2013 Sallittuja merkkej\u00e4 ovat kirjaimet a\u2013\u00f6, numerot 0\u20139 ja v\u00e4liviiva (-) sek\u00e4 suomessa puhuttavan saamen kielen merkit.<br \/>\n\u2013 V\u00e4liviiva ei saa olla verkkotunnuksen ensimm\u00e4inen, eik\u00e4 viimeinen merkki.<br \/>\n\u2013 Kolmas ja nelj\u00e4s merkki eiv\u00e4t saa molemmat olla v\u00e4liviivoja.<br \/>\n\u2013 Verkkotunnus ei saa perustua toisen suojattuun nimeen tai tavaramerkkiin.<br \/>\nRekisterit voi tarkistaa t\u00e4\u00e4lt\u00e4: <a href=\"https:\/\/domain.fi\/info\/index\/hakeminen\/mitavoihakea\/lainkukaisuudenvarmistaminen.html\">https:\/\/domain.fi\/info\/index\/hakeminen\/mitavoihakea\/lainkukaisuudenvarmistaminen.html<\/a>.<\/p>\n<h2><strong>2. Tarjottavat palvelut<\/strong><\/h2>\n<p><strong>Fi-verkkotunnuksen hankinta<\/strong><br \/>\nHankimme verkkotunnuksen puolestasi, kun tilaat sen yll\u00e4pidon meilt\u00e4. Verkkotunnuksen hankkiminen kauttamme maksaa 60 euroa, joka veloitetaan<br \/>\nseuraavan kuukauden alussa siit\u00e4 kun palvelu on tullut voimaan.<\/p>\n<p><strong>Fi-verkkotunnuksen uusiminen<\/strong><br \/>\nFi-verkkotunnus on voimassa 1, 3 tai 5 vuotta. Uusimme sen puolestasi. Saat Viestint\u00e4virastolta hyviss\u00e4 ajoin muistutuksen uusimisesta ilmoittamiisi<br \/>\nyhteystietoihin. Sinun ei kuitenkaan tarvitse reagoida siihen, koska uusiminen kuuluu sopimukseesi meid\u00e4n kanssamme.<\/p>\n<p><strong>Fi-verkkotunnuksen irtisanominen<\/strong><br \/>\nVoit irtisanoa verkkotunnuksesi my\u00f6s ennen voimassaoloajan umpeutumista. Verkkotunnuksen voi irtisanoa vain sen haltija, joten sinun on teht\u00e4v\u00e4 se itse<br \/>\nViestint\u00e4viraston verkkosivuilla: <a href=\"https:\/\/domain.fi\/info\/index\/yllapito\/irtisanominen.html\">https:\/\/domain.fi\/info\/index\/yllapito\/irtisanominen.html<\/a> Verkkotunnuksen irtisanominen on maksutonta.<\/p>\n<p><strong>Verkkotunnuksen haltijan siirto<\/strong><br \/>\nJos haluat siirt\u00e4\u00e4 verkkotunnuksesi toisen henkil\u00f6n tai organisaation haltuun, ota yhteytt\u00e4 meihin osoitteella ittuki(at)sdi.fi tai puhelimitse numeroon 09-271 0566. Hoidamme siirron puolestasi.<\/p>\n<p><strong>Yhteystietojen p\u00e4ivitys<\/strong><br \/>\nP\u00e4ivit\u00e4mme yhteystietosi puolestasi, jos verkkotunnusta ei ole liitetty tiliisi<br \/>\nViestint\u00e4viraston verkkotunnuspalvelussa.<br \/>\nTietojen p\u00e4ivitt\u00e4minen on maksutonta.<br \/>\nJos yhteystietosi muuttuvat, ilmoita siit\u00e4 meille osoitteeseen ittuki(at)sdi.fi tai puhelimitse numeroon 09-271 0566, niin p\u00e4ivit\u00e4mme tiedot puolestasi.<br \/>\nYhteystiedot kannattaa pit\u00e4\u00e4 ajan tasalla, koska kaikki fi-verkkotunnuksiin liittyv\u00e4t<br \/>\ntiedotteet l\u00e4hetet\u00e4\u00e4n ilmoittamiisi osoitteisiin. Vanhentuneet tai virheelliset yhteystiedot voivat vaarantaa oikeutesi fi-verkkotunnukseen.<\/p>\n<h2><strong>3. Nimipalvelimet<\/strong><\/h2>\n<p><strong>Tarvitset nimipalvelimet<\/strong><br \/>\nNimipalvelimet muuttavat verkkotunnuksen osoitteeksi. Ilman verkkotunnukselle m\u00e4\u00e4riteltyj\u00e4 nimipalvelimia verkkotunnuksen www-sivuja ei l\u00f6ydy internetist\u00e4 eik\u00e4 s\u00e4hk\u00f6posti mene perille.<br \/>\nSaat meilt\u00e4 nimipalvelinpalvelun, kun tilaat yll\u00e4pitosopimuksen meilt\u00e4.<\/p>\n<h2><strong>4. Valtuutusavain<\/strong><\/h2>\n<p><strong>Valtuusavain<\/strong><br \/>\nJokaisella verkkotunnuksella on oma valtuutusavain, siis numero, joka l\u00e4hetet\u00e4\u00e4n verkkotunnuksen haltijalle verkkotunnusp\u00e4\u00e4t\u00f6ksen mukana.<br \/>\nVoit valtuuttaa meid\u00e4t tekem\u00e4\u00e4n muutoksia verkkotunnukseesi luovuttamalla valtuutusavaimen k\u00e4ytt\u00f6\u00f6mme.<br \/>\nJos olet hakenut itse Fi-verkkotunnuspalvelusta verkkotunnuksen tai jo liitt\u00e4nyt sen k\u00e4ytt\u00e4j\u00e4tunnukseesi, n\u00e4et valtuutusavaimen verkkotunnuksesi tiedoista.<\/p>\n<h2><strong>5. S\u00e4hk\u00f6postiosoite<\/strong><\/h2>\n<p><strong>Verkkotunnukseen liittyv\u00e4 s\u00e4hk\u00f6postiosoite<\/strong><br \/>\nOn t\u00e4rke\u00e4\u00e4, ett\u00e4 annat meille s\u00e4hk\u00f6postiosoitteen, joka toimii, ja jota luet s\u00e4\u00e4nn\u00f6llisesti. Viestint\u00e4virasto kirjaa sen yhteystiedoksesi. Vanhentuneet tai virheelliset yhteystiedot voivat vaarantaa oikeutesi fi-verkkotunnukseen. Viestint\u00e4viraston sivustolta <a href=\"http:\/\/www.domain.fi\">www.domain.fi<\/a> saat tietoa mm. verkkotunnuksen uusimisajankohdasta.<br \/>\nMuistathan ilmoittaa meille, jos s\u00e4hk\u00f6postiosoitteesi muuttuu!<\/p>\n<h2><strong>6. Muut fi-verkkotunnuksiin liittyv\u00e4t palvelut<\/strong><\/h2>\n<p>Tarjoamme my\u00f6s Hosting- ja pilvipalvelut. Katso hinnat erillisest\u00e4 hinnastosta.<\/p>\n<h2><strong>7. Yll\u00e4pidon vuosikustannukset<\/strong><\/h2>\n<p><strong>Palvelu<\/strong>\u00a0\u00a0\u00a0\u00a0\u00a0\u00a0\u00a0\u00a0\u00a0\u00a0\u00a0\u00a0\u00a0\u00a0\u00a0\u00a0\u00a0\u00a0\u00a0\u00a0\u00a0\u00a0\u00a0\u00a0\u00a0\u00a0\u00a0\u00a0\u00a0\u00a0\u00a0\u00a0\u00a0\u00a0\u00a0\u00a0\u00a0\u00a0\u00a0\u00a0\u00a0\u00a0\u00a0\u00a0\u00a0\u00a0\u00a0\u00a0\u00a0\u00a0\u00a0\u00a0\u00a0\u00a0\u00a0\u00a0\u00a0\u00a0\u00a0\u00a0 <strong>Hinta<\/strong><\/p>\n<p>Verkkotunnuksen hakeminen\u00a0\u00a0\u00a0\u00a0\u00a0\u00a0\u00a0\u00a0\u00a0\u00a0\u00a0\u00a0\u00a0\u00a0\u00a0\u00a0\u00a0\u00a0\u00a0\u00a0\u00a0\u00a0 60 \u20ac<\/p>\n<p>Verkkotunnuksen siirto\u00a0\u00a0\u00a0\u00a0\u00a0\u00a0\u00a0\u00a0\u00a0\u00a0\u00a0\u00a0\u00a0\u00a0\u00a0\u00a0\u00a0\u00a0\u00a0\u00a0\u00a0\u00a0\u00a0\u00a0\u00a0\u00a0\u00a0\u00a0\u00a0\u00a0\u00a0 30 \u20ac<\/p>\n<p>Yhteystietojen p\u00e4ivitt\u00e4minen\u00a0\u00a0\u00a0\u00a0\u00a0\u00a0\u00a0\u00a0\u00a0\u00a0\u00a0\u00a0\u00a0\u00a0\u00a0\u00a0\u00a0\u00a0\u00a0\u00a0\u00a0\u00a0 0 \u20ac<\/p>\n<p>Verkkotunnuksen uusiminen\u00a0\u00a0\u00a0\u00a0\u00a0\u00a0\u00a0\u00a0\u00a0\u00a0\u00a0\u00a0\u00a0\u00a0\u00a0\u00a0\u00a0\u00a0\u00a0\u00a0\u00a0\u00a0\u00a0 60 \u20ac<\/p>\n<h2><strong>8. Palveluntarjoajan ja Viestint\u00e4viraston yhteystiedot ja tavoitettavuus<\/strong><\/h2>\n<p><strong>Yhteystietomme:<\/strong><br \/>\nAsiakaspalvelun puhelinnumero: 09-271 0566<br \/>\nAsiakaspalvelun s\u00e4hk\u00f6posti: ittuki(at)sdi.fi<br \/>\nAsiakaspalvelumme auttaa sinua:<br \/>\nma\u2013pe klo 09:00-18:00<\/p>\n<p><strong>Viestint\u00e4virasto Fi-verkkotunnuspalvelun yhteystiedot:<\/strong><br \/>\nPuhelin: 0295 390 200<br \/>\nasiakaspalvelun s\u00e4hk\u00f6postiosoite: domain(at)ficora.fi Tekniset asiat: fi-domain-tech(at)ficora.fi Asiakaspalvelu auttaa sinua ma\u2013pe klo 9-15<\/p>\n<p>&nbsp;<\/p>\n<p>&nbsp;<\/p>\n<p><a href=\"https:\/\/www.sdi.fi\/index.php\/it\/\"><img decoding=\"async\" src=\"https:\/\/www.sdi.fi\/images\/takaisin.jpg\" alt=\"\" \/><\/a><\/p>\n","protected":false},"excerpt":{"rendered":"<p>1. Fi-verkkotunnusten my\u00f6nt\u00e4misperusteet ja -edellytykset Kuka voi hakea fi-verkkotunnusta? Yksityishenkil\u00f6t, yritykset ja yhteis\u00f6t. Hakemiseen voi my\u00f6s valtuuttaa asiamiehen. Mit\u00e4 vaaditaan yksityishenkil\u00f6lt\u00e4, joka hakee fi-verkkotunnusta? \u2013 v\u00e4hint\u00e4\u00e4n 15 vuoden ik\u00e4 \u2013 kotikunta Suomessa \u2013 suomalainen henkil\u00f6tunnus Millaiset yritykset ja yhteis\u00f6t voivat saada fi-verkkotunnuksen? Suomen kauppa-, yhdistys- tai s\u00e4\u00e4ti\u00f6rekisteriin listatut: \u2013 yritykset tai yksityiset elinkeinonharjoittajat \u2013 suomalaiset [&hellip;]<\/p>\n","protected":false},"author":1,"featured_media":0,"parent":0,"menu_order":0,"comment_status":"closed","ping_status":"closed","template":"","meta":{"_genesis_hide_title":false,"_genesis_hide_breadcrumbs":false,"_genesis_hide_singular_image":false,"_genesis_hide_footer_widgets":false,"_genesis_custom_body_class":"","_genesis_custom_post_class":"","_genesis_layout":"","footnotes":""},"_links":{"self":[{"href":"https:\/\/www.sdi.fi\/index.php\/wp-json\/wp\/v2\/pages\/295"}],"collection":[{"href":"https:\/\/www.sdi.fi\/index.php\/wp-json\/wp\/v2\/pages"}],"about":[{"href":"https:\/\/www.sdi.fi\/index.php\/wp-json\/wp\/v2\/types\/page"}],"author":[{"embeddable":true,"href":"https:\/\/www.sdi.fi\/index.php\/wp-json\/wp\/v2\/users\/1"}],"replies":[{"embeddable":true,"href":"https:\/\/www.sdi.fi\/index.php\/wp-json\/wp\/v2\/comments?post=295"}],"version-history":[{"count":0,"href":"https:\/\/www.sdi.fi\/index.php\/wp-json\/wp\/v2\/pages\/295\/revisions"}],"wp:attachment":[{"href":"https:\/\/www.sdi.fi\/index.php\/wp-json\/wp\/v2\/media?parent=295"}],"curies":[{"name":"wp","href":"https:\/\/api.w.org\/{rel}","templated":true}]}}