{"id":9,"date":"2016-02-23T10:34:40","date_gmt":"2016-02-23T10:34:40","guid":{"rendered":"http:\/\/www.sdi.fi\/_Dev\/wordpress\/?page_id=9"},"modified":"2016-04-21T08:47:45","modified_gmt":"2016-04-21T06:47:45","slug":"av","status":"publish","type":"page","link":"https:\/\/www.sdi.fi\/index.php\/av\/","title":{"rendered":"AV-RATKAISUT"},"content":{"rendered":"<p style=\"text-align: center;\"><img decoding=\"async\" loading=\"lazy\" class=\"avpagelogo aligncenter\" src=\"https:\/\/www.sdi.fi\/images\/avsolutionsetu.png\" alt=\"\" width=\"400\" height=\"55\" \/><\/p>\n<div class=\"avbodytext\">\n<p style=\"text-align: center;\"><strong>Auditorio, Neuvotteluhuone, Vastaanottoaula, Koulutustila, Yksitt\u00e4inen ty\u00f6huone, Ruokala, Avoty\u00f6tila, Langaton esitysj\u00e4rjestelm\u00e4. Videoneuvottelu, Infoj\u00e4rjestelm\u00e4 tms.<\/strong><\/p>\n<p style=\"text-align: center;\">Erityyppisiss\u00e4 tiloissa tarvitaan esitystekniikkaa ja \u2013v\u00e4lineit\u00e4 sek\u00e4 k\u00e4ytt\u00f6kaapelointiratkaisuja. Olemme suunnitellet ja toteuttaneet lukuisia ratkaisuja asiakkaidemme tarpeisiin kaikenkokoisissa organisaatioissa<\/p>\n<p>&nbsp;<\/p>\n<\/div>\n","protected":false},"excerpt":{"rendered":"<p>Auditorio, Neuvotteluhuone, Vastaanottoaula, Koulutustila, Yksitt\u00e4inen ty\u00f6huone, Ruokala, Avoty\u00f6tila, Langaton esitysj\u00e4rjestelm\u00e4. Videoneuvottelu, Infoj\u00e4rjestelm\u00e4 tms. Erityyppisiss\u00e4 tiloissa tarvitaan esitystekniikkaa ja \u2013v\u00e4lineit\u00e4 sek\u00e4 k\u00e4ytt\u00f6kaapelointiratkaisuja. Olemme suunnitellet ja toteuttaneet lukuisia ratkaisuja asiakkaidemme tarpeisiin kaikenkokoisissa organisaatioissa &nbsp;<\/p>\n","protected":false},"author":1,"featured_media":0,"parent":0,"menu_order":0,"comment_status":"closed","ping_status":"closed","template":"","meta":{"_genesis_hide_title":false,"_genesis_hide_breadcrumbs":false,"_genesis_hide_singular_image":false,"_genesis_hide_footer_widgets":false,"_genesis_custom_body_class":"avratkaisutbody","_genesis_custom_post_class":"","_genesis_layout":"","footnotes":""},"_links":{"self":[{"href":"https:\/\/www.sdi.fi\/index.php\/wp-json\/wp\/v2\/pages\/9"}],"collection":[{"href":"https:\/\/www.sdi.fi\/index.php\/wp-json\/wp\/v2\/pages"}],"about":[{"href":"https:\/\/www.sdi.fi\/index.php\/wp-json\/wp\/v2\/types\/page"}],"author":[{"embeddable":true,"href":"https:\/\/www.sdi.fi\/index.php\/wp-json\/wp\/v2\/users\/1"}],"replies":[{"embeddable":true,"href":"https:\/\/www.sdi.fi\/index.php\/wp-json\/wp\/v2\/comments?post=9"}],"version-history":[{"count":0,"href":"https:\/\/www.sdi.fi\/index.php\/wp-json\/wp\/v2\/pages\/9\/revisions"}],"wp:attachment":[{"href":"https:\/\/www.sdi.fi\/index.php\/wp-json\/wp\/v2\/media?parent=9"}],"curies":[{"name":"wp","href":"https:\/\/api.w.org\/{rel}","templated":true}]}}